{"id":9,"date":"2025-06-27T03:47:19","date_gmt":"2025-06-27T03:47:19","guid":{"rendered":"https:\/\/lafrescanetwork.org\/?page_id=9"},"modified":"2026-01-07T02:40:25","modified_gmt":"2026-01-07T02:40:25","slug":"home","status":"publish","type":"page","link":"https:\/\/lafrescanetwork.org\/es\/","title":{"rendered":"Hogar"},"content":{"rendered":"<h1 class=\"wp-block-heading has-text-align-center has-white-background-color has-text-color has-background has-link-color wp-elements-a8917a9acafea7eabb3be5e2c4b14412\" style=\"color:#009791;padding-top:0;padding-right:0;padding-bottom:0;padding-left:0;font-size:70px\">Bienvenidos a La Fresca<\/h1>\n\n\n\n<figure class=\"wp-block-image size-full is-resized wp-duotone-unset-1\"><img loading=\"lazy\" decoding=\"async\" width=\"2000\" height=\"1600\" src=\"https:\/\/lafrescanetwork.org\/wp-content\/uploads\/2025\/10\/Untitled-design-1-1.png\" alt=\"\" class=\"wp-image-572\" style=\"width:1200px;height:auto\" srcset=\"https:\/\/lafrescanetwork.org\/wp-content\/uploads\/2025\/10\/Untitled-design-1-1.png 2000w, https:\/\/lafrescanetwork.org\/wp-content\/uploads\/2025\/10\/Untitled-design-1-1-300x240.png 300w, https:\/\/lafrescanetwork.org\/wp-content\/uploads\/2025\/10\/Untitled-design-1-1-1024x819.png 1024w, https:\/\/lafrescanetwork.org\/wp-content\/uploads\/2025\/10\/Untitled-design-1-1-768x614.png 768w, https:\/\/lafrescanetwork.org\/wp-content\/uploads\/2025\/10\/Untitled-design-1-1-1536x1229.png 1536w, https:\/\/lafrescanetwork.org\/wp-content\/uploads\/2025\/10\/Untitled-design-1-1-15x12.png 15w\" sizes=\"auto, (max-width: 2000px) 100vw, 2000px\" \/><\/figure>\n\n\n\n<h2 class=\"wp-block-heading has-text-align-center has-black-color has-text-color has-link-color wp-elements-1e2d23c0e138ed781dcd64c825d6cfad\" style=\"font-size:60px\">Nuestra misi\u00f3n <\/h2>\n\n\n\n<p class=\"has-text-align-center has-black-color has-text-color has-link-color wp-elements-0db1549895456b90f664d5c0acfd0fdd\" style=\"font-size:25px\"><strong>La Fresca<\/strong> Es una iniciativa comunitaria arraigada en los barrios de Globeville, Elyria y Swansea, con la misi\u00f3n de apoyar a las tiendas de barrio y negocios de alimentos locales. Nuestro objetivo es fortalecer la econom\u00eda del barrio, impulsar el crecimiento de las empresas locales y construir una red interconectada de emprendedores dedicados a la alimentaci\u00f3n. Nos guiamos por los valores de la responsabilidad comunitaria, la autodeterminaci\u00f3n econ\u00f3mica y la creaci\u00f3n de v\u00edas para el desarrollo de los negocios locales.<\/p>\n\n\n\n<div class=\"wp-block-columns is-layout-flex wp-container-core-columns-is-layout-28f84493 wp-block-columns-is-layout-flex\">\n<div class=\"wp-block-column is-layout-flow wp-container-core-column-is-layout-92d440f1 wp-block-column-is-layout-flow\" style=\"padding-top:0;padding-bottom:0\">\n<div class=\"wp-block-group has-background is-vertical is-layout-flex wp-container-core-group-is-layout-e9e63ed8 wp-block-group-is-layout-flex\" style=\"border-width:2px;border-top-left-radius:50px;border-top-right-radius:50px;background:linear-gradient(180deg,rgb(0,151,145) 0%,rgb(0,88,85) 100%);padding-bottom:0px\">\n<figure class=\"wp-block-image size-full is-resized has-custom-border is-style-default\" style=\"margin-top:-15px;margin-right:var(--wp--preset--spacing--80);margin-bottom:-35px;margin-left:var(--wp--preset--spacing--80)\"><img loading=\"lazy\" decoding=\"async\" width=\"1024\" height=\"1024\" src=\"https:\/\/lafrescanetwork.org\/wp-content\/uploads\/2025\/06\/Support-Edited.png\" alt=\"\" class=\"wp-image-74\" style=\"border-radius:0px;width:200px\" srcset=\"https:\/\/lafrescanetwork.org\/wp-content\/uploads\/2025\/06\/Support-Edited.png 1024w, https:\/\/lafrescanetwork.org\/wp-content\/uploads\/2025\/06\/Support-Edited-300x300.png 300w, https:\/\/lafrescanetwork.org\/wp-content\/uploads\/2025\/06\/Support-Edited-150x150.png 150w, https:\/\/lafrescanetwork.org\/wp-content\/uploads\/2025\/06\/Support-Edited-768x768.png 768w\" sizes=\"auto, (max-width: 1024px) 100vw, 1024px\" \/><\/figure>\n\n\n\n<h2 class=\"wp-block-heading has-text-align-center has-ast-global-color-4-color has-text-color has-link-color wp-elements-e58c63a8305c96c2f24f4056b6c46a6c\" style=\"border-radius:0px;padding-bottom:10px;font-size:35px\">Apoyar a los emprendedores locales<\/h2>\n<\/div>\n\n\n\n<p class=\"has-text-align-center has-black-color has-text-color has-link-color wp-elements-3b5ab7c1efe0ade2668dea0b15dca428\" style=\"border-width:2px;padding-top:5px;padding-right:0;padding-bottom:87px;padding-left:0;font-size:25px\">Su apoyo impulsa el crecimiento de las tiendas y vendedores locales, lo que genera estabilidad econ\u00f3mica en la comunidad. Esta estabilidad impulsa el crecimiento interno y fomenta la reinversi\u00f3n en el barrio. <\/p>\n<\/div>\n\n\n\n<div class=\"wp-block-column is-layout-flow wp-container-core-column-is-layout-92d440f1 wp-block-column-is-layout-flow\" style=\"padding-top:0;padding-bottom:0\">\n<div class=\"wp-block-group has-background is-vertical is-layout-flex wp-container-core-group-is-layout-e9e63ed8 wp-block-group-is-layout-flex\" style=\"border-width:2px;border-top-left-radius:50px;border-top-right-radius:50px;background:linear-gradient(180deg,rgb(0,151,145) 0%,rgb(0,88,85) 100%);padding-bottom:0px\">\n<figure class=\"wp-block-image size-full is-resized has-custom-border is-style-default\" style=\"margin-top:-15px;margin-right:var(--wp--preset--spacing--80);margin-bottom:-35px;margin-left:var(--wp--preset--spacing--80)\"><img loading=\"lazy\" decoding=\"async\" width=\"1024\" height=\"1024\" src=\"https:\/\/lafrescanetwork.org\/wp-content\/uploads\/2025\/07\/buy-Edited.png\" alt=\"\" class=\"wp-image-152\" style=\"border-radius:0px;width:200px\" srcset=\"https:\/\/lafrescanetwork.org\/wp-content\/uploads\/2025\/07\/buy-Edited.png 1024w, https:\/\/lafrescanetwork.org\/wp-content\/uploads\/2025\/07\/buy-Edited-300x300.png 300w, https:\/\/lafrescanetwork.org\/wp-content\/uploads\/2025\/07\/buy-Edited-150x150.png 150w, https:\/\/lafrescanetwork.org\/wp-content\/uploads\/2025\/07\/buy-Edited-768x768.png 768w\" sizes=\"auto, (max-width: 1024px) 100vw, 1024px\" \/><\/figure>\n\n\n\n<h2 class=\"wp-block-heading has-text-align-center has-ast-global-color-4-color has-text-color has-link-color wp-elements-e3bebb1f9dafc5a3f122b98d6afd9a09\" style=\"border-radius:0px;padding-bottom:10px;font-size:35px\">Importancia de la econom\u00eda local<\/h2>\n<\/div>\n\n\n\n<p class=\"has-text-align-center has-black-color has-text-color has-link-color wp-elements-3de7b29ef584f51f9589d40990fccd7c\" style=\"border-width:2px;padding-top:5px;padding-bottom:5px;font-size:25px\">Descubra por qu\u00e9 es importante apoyar a los negocios locales. A diferencia de las grandes corporaciones, los emprendedores locales son personas reales que ve en su comunidad: personas que conoce, en quienes conf\u00eda y con quienes crece. Elegir localmente significa invertir en relaciones, no solo en transacciones.<\/p>\n<\/div>\n\n\n\n<div class=\"wp-block-column is-layout-flow wp-container-core-column-is-layout-92d440f1 wp-block-column-is-layout-flow\" style=\"padding-top:0;padding-bottom:0\">\n<div class=\"wp-block-group has-background is-vertical is-layout-flex wp-container-core-group-is-layout-e9e63ed8 wp-block-group-is-layout-flex\" style=\"border-width:2px;border-top-left-radius:50px;border-top-right-radius:50px;background:linear-gradient(180deg,rgb(0,151,145) 0%,rgb(0,88,85) 100%);padding-bottom:0px\">\n<figure class=\"wp-block-image size-large is-resized has-custom-border is-style-default\" style=\"margin-top:-15px;margin-right:var(--wp--preset--spacing--80);margin-bottom:-35px;margin-left:var(--wp--preset--spacing--80)\"><img loading=\"lazy\" decoding=\"async\" width=\"791\" height=\"1024\" src=\"https:\/\/lafrescanetwork.org\/wp-content\/uploads\/2025\/07\/Untitled-design-791x1024.png\" alt=\"\" class=\"wp-image-153\" style=\"border-radius:0px;object-fit:contain;width:200px;height:150px\" srcset=\"https:\/\/lafrescanetwork.org\/wp-content\/uploads\/2025\/07\/Untitled-design-791x1024.png 791w, https:\/\/lafrescanetwork.org\/wp-content\/uploads\/2025\/07\/Untitled-design-232x300.png 232w, https:\/\/lafrescanetwork.org\/wp-content\/uploads\/2025\/07\/Untitled-design-768x994.png 768w, https:\/\/lafrescanetwork.org\/wp-content\/uploads\/2025\/07\/Untitled-design-1187x1536.png 1187w, https:\/\/lafrescanetwork.org\/wp-content\/uploads\/2025\/07\/Untitled-design.png 1545w\" sizes=\"auto, (max-width: 791px) 100vw, 791px\" \/><\/figure>\n\n\n\n<h2 class=\"wp-block-heading has-text-align-center has-ast-global-color-4-color has-text-color has-link-color wp-elements-dd5e24b638104520f8f4c3dbf28295ec\" style=\"border-radius:0px;padding-top:15px;padding-bottom:35px;font-size:35px\">Construyendo una red local<\/h2>\n<\/div>\n\n\n\n<p class=\"has-text-align-center has-black-color has-text-color has-link-color wp-elements-823813f4d9dfb962b5df8833dd01fa11\" style=\"border-width:2px;padding-top:5px;padding-bottom:43px;font-size:25px\">Nos unimos para construir una s\u00f3lida red de negocios de comida del barrio. Cuando nos unimos por un prop\u00f3sito com\u00fan, nos volvemos imparables: generamos un cambio duradero desde dentro de la comunidad.<\/p>\n<\/div>\n<\/div>","protected":false},"excerpt":{"rendered":"<p>Welcome to La Fresca Our Mission La Fresca is a community-led initiative rooted in the neighborhoods of Globeville, Elyria, and [&hellip;]<\/p>","protected":false},"author":1,"featured_media":0,"parent":0,"menu_order":0,"comment_status":"closed","ping_status":"closed","template":"","meta":{"site-sidebar-layout":"default","site-content-layout":"","ast-site-content-layout":"default","site-content-style":"default","site-sidebar-style":"default","ast-global-header-display":"","ast-banner-title-visibility":"","ast-main-header-display":"","ast-hfb-above-header-display":"","ast-hfb-below-header-display":"","ast-hfb-mobile-header-display":"","site-post-title":"disabled","ast-breadcrumbs-content":"","ast-featured-img":"","footer-sml-layout":"","theme-transparent-header-meta":"","adv-header-id-meta":"","stick-header-meta":"","header-above-stick-meta":"","header-main-stick-meta":"","header-below-stick-meta":"","astra-migrate-meta-layouts":"default","ast-page-background-enabled":"default","ast-page-background-meta":{"desktop":{"background-color":"var(--ast-global-color-5)","background-image":"","background-repeat":"repeat","background-position":"center center","background-size":"auto","background-attachment":"scroll","background-type":"","background-media":"","overlay-type":"","overlay-color":"","overlay-opacity":"","overlay-gradient":""},"tablet":{"background-color":"","background-image":"","background-repeat":"repeat","background-position":"center center","background-size":"auto","background-attachment":"scroll","background-type":"","background-media":"","overlay-type":"","overlay-color":"","overlay-opacity":"","overlay-gradient":""},"mobile":{"background-color":"","background-image":"","background-repeat":"repeat","background-position":"center center","background-size":"auto","background-attachment":"scroll","background-type":"","background-media":"","overlay-type":"","overlay-color":"","overlay-opacity":"","overlay-gradient":""}},"ast-content-background-meta":{"desktop":{"background-color":"var(--ast-global-color-4)","background-image":"","background-repeat":"repeat","background-position":"center center","background-size":"auto","background-attachment":"scroll","background-type":"","background-media":"","overlay-type":"","overlay-color":"","overlay-opacity":"","overlay-gradient":""},"tablet":{"background-color":"var(--ast-global-color-4)","background-image":"","background-repeat":"repeat","background-position":"center center","background-size":"auto","background-attachment":"scroll","background-type":"","background-media":"","overlay-type":"","overlay-color":"","overlay-opacity":"","overlay-gradient":""},"mobile":{"background-color":"var(--ast-global-color-4)","background-image":"","background-repeat":"repeat","background-position":"center center","background-size":"auto","background-attachment":"scroll","background-type":"","background-media":"","overlay-type":"","overlay-color":"","overlay-opacity":"","overlay-gradient":""}},"footnotes":""},"class_list":["post-9","page","type-page","status-publish","hentry"],"aioseo_notices":[],"_links":{"self":[{"href":"https:\/\/lafrescanetwork.org\/es\/wp-json\/wp\/v2\/pages\/9","targetHints":{"allow":["GET"]}}],"collection":[{"href":"https:\/\/lafrescanetwork.org\/es\/wp-json\/wp\/v2\/pages"}],"about":[{"href":"https:\/\/lafrescanetwork.org\/es\/wp-json\/wp\/v2\/types\/page"}],"author":[{"embeddable":true,"href":"https:\/\/lafrescanetwork.org\/es\/wp-json\/wp\/v2\/users\/1"}],"replies":[{"embeddable":true,"href":"https:\/\/lafrescanetwork.org\/es\/wp-json\/wp\/v2\/comments?post=9"}],"version-history":[{"count":65,"href":"https:\/\/lafrescanetwork.org\/es\/wp-json\/wp\/v2\/pages\/9\/revisions"}],"predecessor-version":[{"id":612,"href":"https:\/\/lafrescanetwork.org\/es\/wp-json\/wp\/v2\/pages\/9\/revisions\/612"}],"wp:attachment":[{"href":"https:\/\/lafrescanetwork.org\/es\/wp-json\/wp\/v2\/media?parent=9"}],"curies":[{"name":"wp","href":"https:\/\/api.w.org\/{rel}","templated":true}]}}